{"id":97,"date":"2025-12-15T10:46:29","date_gmt":"2025-12-15T09:46:29","guid":{"rendered":"https:\/\/exzellenzpraxis.de\/?page_id=97"},"modified":"2025-12-19T11:08:41","modified_gmt":"2025-12-19T10:08:41","slug":"radiesse","status":"publish","type":"page","link":"https:\/\/www.exzellenzpraxis.de\/ro\/radiesse\/","title":{"rendered":"Radiesse\u00ae"},"content":{"rendered":"<div data-elementor-type=\"wp-page\" data-elementor-id=\"97\" class=\"elementor elementor-97\" data-elementor-post-type=\"page\">\n\t\t\t\t<div class=\"elementor-element elementor-element-a1752b3 e-con-full e-flex wpr-particle-no wpr-jarallax-no wpr-parallax-no wpr-sticky-section-no wpr-equal-height-no e-con e-parent\" data-id=\"a1752b3\" data-element_type=\"container\" data-settings=\"{&quot;background_background&quot;:&quot;classic&quot;}\">\n\t\t<div class=\"elementor-element elementor-element-02c9146 e-con-full e-flex wpr-particle-no wpr-jarallax-no wpr-parallax-no wpr-sticky-section-no wpr-equal-height-no e-con e-child\" data-id=\"02c9146\" data-element_type=\"container\">\n\t\t\t\t<div class=\"elementor-element elementor-element-c36779b elementor-widget elementor-widget-heading\" data-id=\"c36779b\" data-element_type=\"widget\" data-widget_type=\"heading.default\">\n\t\t\t\t\t<h1 class=\"elementor-heading-title elementor-size-default\">Radiesse\u00ae<\/h1>\t\t\t\t<\/div>\n\t\t\t\t<div class=\"elementor-element elementor-element-11863c5 elementor-widget elementor-widget-text-editor\" data-id=\"11863c5\" data-element_type=\"widget\" data-widget_type=\"text-editor.default\">\n\t\t\t\t\t\t\t\t\t<p>Un tratament cu Radiesse\u00ae poate reconstrui durabil volumul pierdut al fe\u021bei \u0219i poate reduce vizibil ridurile pronun\u021bate. Acest filler cu efect de volum ofer\u0103 un lifting natural \u0219i red\u0103 conturului fe\u021bei o defini\u021bie clar\u0103 \u0219i armonioas\u0103.<\/p>\t\t\t\t\t\t\t\t<\/div>\n\t\t\t\t<div class=\"elementor-element elementor-element-3abfc1f elementor-widget elementor-widget-button\" data-id=\"3abfc1f\" data-element_type=\"widget\" data-widget_type=\"button.default\">\n\t\t\t\t\t\t\t\t\t\t<a class=\"elementor-button elementor-button-link elementor-size-sm\" href=\"https:\/\/www.doctolib.de\/praxis\/annaberg-buchholz\/frauenarztpraxis-dr-medic-iulia-baltag\/booking\/new-patient?specialityId=1314&#038;pid=practice-693617&#038;bookingFunnelSource=profile\" target=\"_blank\" rel=\"noopener\">\n\t\t\t\t\t\t<span class=\"elementor-button-content-wrapper\">\n\t\t\t\t\t\t<span class=\"elementor-button-icon\">\n\t\t\t\t<svg aria-hidden=\"true\" class=\"e-font-icon-svg e-far-calendar-alt\" viewbox=\"0 0 448 512\" xmlns=\"http:\/\/www.w3.org\/2000\/svg\"><path d=\"M148 288h-40c-6.6 0-12-5.4-12-12v-40c0-6.6 5.4-12 12-12h40c6.6 0 12 5.4 12 12v40c0 6.6-5.4 12-12 12zm108-12v-40c0-6.6-5.4-12-12-12h-40c-6.6 0-12 5.4-12 12v40c0 6.6 5.4 12 12 12h40c6.6 0 12-5.4 12-12zm96 0v-40c0-6.6-5.4-12-12-12h-40c-6.6 0-12 5.4-12 12v40c0 6.6 5.4 12 12 12h40c6.6 0 12-5.4 12-12zm-96 96v-40c0-6.6-5.4-12-12-12h-40c-6.6 0-12 5.4-12 12v40c0 6.6 5.4 12 12 12h40c6.6 0 12-5.4 12-12zm-96 0v-40c0-6.6-5.4-12-12-12h-40c-6.6 0-12 5.4-12 12v40c0 6.6 5.4 12 12 12h40c6.6 0 12-5.4 12-12zm192 0v-40c0-6.6-5.4-12-12-12h-40c-6.6 0-12 5.4-12 12v40c0 6.6 5.4 12 12 12h40c6.6 0 12-5.4 12-12zm96-260v352c0 26.5-21.5 48-48 48H48c-26.5 0-48-21.5-48-48V112c0-26.5 21.5-48 48-48h48V12c0-6.6 5.4-12 12-12h40c6.6 0 12 5.4 12 12v52h128V12c0-6.6 5.4-12 12-12h40c6.6 0 12 5.4 12 12v52h48c26.5 0 48 21.5 48 48zm-48 346V160H48v298c0 3.3 2.7 6 6 6h340c3.3 0 6-2.7 6-6z\"><\/path><\/svg>\t\t\t<\/span>\n\t\t\t\t\t\t\t\t\t<span class=\"elementor-button-text\">Solicit\u0103 o programare<\/span>\n\t\t\t\t\t<\/span>\n\t\t\t\t\t<\/a>\n\t\t\t\t\t\t\t\t<\/div>\n\t\t\t\t<\/div>\n\t\t<div class=\"elementor-element elementor-element-54a83c4 e-con-full e-flex wpr-particle-no wpr-jarallax-no wpr-parallax-no wpr-sticky-section-no wpr-equal-height-no e-con e-child\" data-id=\"54a83c4\" data-element_type=\"container\">\n\t\t\t\t<div class=\"elementor-element elementor-element-2458d59 elementor-widget elementor-widget-image\" data-id=\"2458d59\" data-element_type=\"widget\" data-widget_type=\"image.default\">\n\t\t\t\t\t\t\t\t\t\t\t\t\t\t\t<img fetchpriority=\"high\" decoding=\"async\" width=\"1024\" height=\"683\" src=\"https:\/\/www.exzellenzpraxis.de\/wp-content\/uploads\/2025\/12\/Radiesse.webp\" class=\"attachment-1536x1536 size-1536x1536 wp-image-774\" alt=\"\" srcset=\"https:\/\/www.exzellenzpraxis.de\/wp-content\/uploads\/2025\/12\/Radiesse.webp 1024w, https:\/\/www.exzellenzpraxis.de\/wp-content\/uploads\/2025\/12\/Radiesse-300x200.webp 300w, https:\/\/www.exzellenzpraxis.de\/wp-content\/uploads\/2025\/12\/Radiesse-768x512.webp 768w\" sizes=\"(max-width: 1024px) 100vw, 1024px\" title=\"\">\t\t\t\t\t\t\t\t\t\t\t\t\t\t\t<\/div>\n\t\t\t\t<\/div>\n\t\t\t\t<\/div>\n\t\t<section class=\"elementor-element elementor-element-c508226 e-flex e-con-boxed wpr-particle-no wpr-jarallax-no wpr-parallax-no wpr-sticky-section-no wpr-equal-height-no e-con e-parent\" data-id=\"c508226\" data-element_type=\"container\">\n\t\t\t\t\t<div class=\"e-con-inner\">\n\t\t<div class=\"elementor-element elementor-element-a389ea0 e-con-full e-flex wpr-particle-no wpr-jarallax-no wpr-parallax-no wpr-sticky-section-no wpr-equal-height-no e-con e-child\" data-id=\"a389ea0\" data-element_type=\"container\">\n\t\t\t\t<div class=\"elementor-element elementor-element-2a7c77f elementor-widget elementor-widget-heading\" data-id=\"2a7c77f\" data-element_type=\"widget\" data-widget_type=\"heading.default\">\n\t\t\t\t\t<h2 class=\"elementor-heading-title elementor-size-default\">Ce este Radiesse\u00ae?<\/h2>\t\t\t\t<\/div>\n\t\t\t\t<div class=\"elementor-element elementor-element-68a074b elementor-widget__width-inherit elementor-widget-mobile__width-inherit elementor-widget elementor-widget-text-editor\" data-id=\"68a074b\" data-element_type=\"widget\" data-widget_type=\"text-editor.default\">\n\t\t\t\t\t\t\t\t\t<p data-start=\"168\" data-end=\"624\">este un filler dermic injectabil pe baz\u0103 de <a href=\"https:\/\/ro.wikipedia.org\/wiki\/Hidroxilapatit\" target=\"_blank\" rel=\"noopener\">minerale de calciu<\/a>\u0219i fosfat, care se g\u0103sesc natural \u00een corpul uman \u0219i fac parte din structura oaselor \u0219i din\u021bilor. \u00cen medicina estetic\u0103, acest filler transparent \u0219i incolor este folosit \u00een special pentru refacerea volumului, <a href=\"https:\/\/www.exzellenzpraxis.de\/ro\/\">\u00een special \u00een zona obrajilor<\/a>, a pome\u021bilor \u0219i a m\u00e2inilor, fiind totodat\u0103 potrivit pentru tratamentul ridurilor ad\u00e2nci ale fe\u021bei.<\/p><p data-start=\"626\" data-end=\"913\">Pe l\u00e2ng\u0103 efectul imediat de volum vizibil,<a href=\"https:\/\/radiesse.com\/\" target=\"_blank\" rel=\"noopener\"> Radiesse\u00ae<\/a> impresioneaz\u0103 \u0219i prin efectul s\u0103u de durat\u0103: microsferele de calciu stimuleaz\u0103 produc\u021bia natural\u0103 de colagen a organismului, contribuind astfel pe termen lung la o structur\u0103 mai s\u0103n\u0103toas\u0103 a pielii \u0219i la un aspect mai proasp\u0103t \u0219i \u00eentinerit.<\/p>\t\t\t\t\t\t\t\t<\/div>\n\t\t\t\t<\/div>\n\t\t<div class=\"elementor-element elementor-element-41dc0f8 e-con-full e-flex wpr-particle-no wpr-jarallax-no wpr-parallax-no wpr-sticky-section-no wpr-equal-height-no e-con e-child\" data-id=\"41dc0f8\" data-element_type=\"container\" data-settings=\"{&quot;background_background&quot;:&quot;classic&quot;}\">\n\t\t\t\t<div class=\"elementor-element elementor-element-9545754 elementor-widget elementor-widget-image\" data-id=\"9545754\" data-element_type=\"widget\" data-widget_type=\"image.default\">\n\t\t\t\t\t\t\t\t\t\t\t\t\t\t\t<img decoding=\"async\" width=\"1536\" height=\"864\" src=\"https:\/\/www.exzellenzpraxis.de\/wp-content\/uploads\/2025\/12\/Radiesse-germany.webp\" class=\"attachment-2048x2048 size-2048x2048 wp-image-773\" alt=\"Radiesse\u00ae Annaberg-Buchholz\" srcset=\"https:\/\/www.exzellenzpraxis.de\/wp-content\/uploads\/2025\/12\/Radiesse-germany.webp 1536w, https:\/\/www.exzellenzpraxis.de\/wp-content\/uploads\/2025\/12\/Radiesse-germany-300x169.webp 300w, https:\/\/www.exzellenzpraxis.de\/wp-content\/uploads\/2025\/12\/Radiesse-germany-1024x576.webp 1024w, https:\/\/www.exzellenzpraxis.de\/wp-content\/uploads\/2025\/12\/Radiesse-germany-768x432.webp 768w\" sizes=\"(max-width: 1536px) 100vw, 1536px\" title=\"\">\t\t\t\t\t\t\t\t\t\t\t\t\t\t\t<\/div>\n\t\t\t\t<\/div>\n\t\t\t\t\t<\/div>\n\t\t\t\t<\/section>\n\t\t<section class=\"elementor-element elementor-element-66df7e8 e-flex e-con-boxed wpr-particle-no wpr-jarallax-no wpr-parallax-no wpr-sticky-section-no wpr-equal-height-no e-con e-parent\" data-id=\"66df7e8\" data-element_type=\"container\">\n\t\t\t\t\t<div class=\"e-con-inner\">\n\t\t<div class=\"elementor-element elementor-element-1218cf8 e-con-full e-flex wpr-particle-no wpr-jarallax-no wpr-parallax-no wpr-sticky-section-no wpr-equal-height-no e-con e-child\" data-id=\"1218cf8\" data-element_type=\"container\">\n\t\t\t\t<div class=\"elementor-element elementor-element-ebd4461 elementor-widget elementor-widget-heading\" data-id=\"ebd4461\" data-element_type=\"widget\" data-widget_type=\"heading.default\">\n\t\t\t\t\t<h2 class=\"elementor-heading-title elementor-size-default\">Domenii de aplicare<\/h2>\t\t\t\t<\/div>\n\t\t\t\t<div class=\"elementor-element elementor-element-34250a4 elementor-widget__width-inherit elementor-widget-mobile__width-inherit elementor-widget elementor-widget-text-editor\" data-id=\"34250a4\" data-element_type=\"widget\" data-widget_type=\"text-editor.default\">\n\t\t\t\t\t\t\t\t\t<ul><li>Pome\u021bi<\/li><li>Obraji<\/li><li>Riduri nazolabiale<\/li><li>Col\u021burile gurii<\/li><li>Linii marionet\u0103<\/li><li>Rid transversal al b\u0103rbiei<\/li><li>Linia b\u0103rbie\u2013maxilar<\/li><li>B\u0103rbie<\/li><li>G\u00e2t<\/li><li>Decolteu<\/li><\/ul>\t\t\t\t\t\t\t\t<\/div>\n\t\t\t\t<\/div>\n\t\t<div class=\"elementor-element elementor-element-3824e6d e-con-full e-flex wpr-particle-no wpr-jarallax-no wpr-parallax-no wpr-sticky-section-no wpr-equal-height-no e-con e-child\" data-id=\"3824e6d\" data-element_type=\"container\" data-settings=\"{&quot;background_background&quot;:&quot;classic&quot;}\">\n\t\t\t\t<div class=\"elementor-element elementor-element-31e1c73 elementor-widget elementor-widget-image\" data-id=\"31e1c73\" data-element_type=\"widget\" data-widget_type=\"image.default\">\n\t\t\t\t\t\t\t\t\t\t\t\t\t\t\t<img decoding=\"async\" width=\"2048\" height=\"1366\" src=\"https:\/\/www.exzellenzpraxis.de\/wp-content\/uploads\/2025\/12\/hyaluronsaure-Annaberg-Buchholz-2048x1366.webp\" class=\"attachment-2048x2048 size-2048x2048 wp-image-762\" alt=\"Hyalurons\u00e4ure\" srcset=\"https:\/\/www.exzellenzpraxis.de\/wp-content\/uploads\/2025\/12\/hyaluronsaure-Annaberg-Buchholz-2048x1366.webp 2048w, https:\/\/www.exzellenzpraxis.de\/wp-content\/uploads\/2025\/12\/hyaluronsaure-Annaberg-Buchholz-300x200.webp 300w, https:\/\/www.exzellenzpraxis.de\/wp-content\/uploads\/2025\/12\/hyaluronsaure-Annaberg-Buchholz-1024x683.webp 1024w, https:\/\/www.exzellenzpraxis.de\/wp-content\/uploads\/2025\/12\/hyaluronsaure-Annaberg-Buchholz-768x512.webp 768w, https:\/\/www.exzellenzpraxis.de\/wp-content\/uploads\/2025\/12\/hyaluronsaure-Annaberg-Buchholz-1536x1024.webp 1536w\" sizes=\"(max-width: 2048px) 100vw, 2048px\" title=\"\">\t\t\t\t\t\t\t\t\t\t\t\t\t\t\t<\/div>\n\t\t\t\t<\/div>\n\t\t\t\t\t<\/div>\n\t\t\t\t<\/section>\n\t\t<section class=\"elementor-element elementor-element-561470c e-flex e-con-boxed wpr-particle-no wpr-jarallax-no wpr-parallax-no wpr-sticky-section-no wpr-equal-height-no e-con e-parent\" data-id=\"561470c\" data-element_type=\"container\" data-settings=\"{&quot;background_background&quot;:&quot;classic&quot;}\">\n\t\t\t\t\t<div class=\"e-con-inner\">\n\t\t<div class=\"elementor-element elementor-element-b53fc9c e-con-full e-flex wpr-particle-no wpr-jarallax-no wpr-parallax-no wpr-sticky-section-no wpr-equal-height-no e-con e-child\" data-id=\"b53fc9c\" data-element_type=\"container\" data-settings=\"{&quot;background_background&quot;:&quot;classic&quot;}\">\n\t\t\t\t<div class=\"elementor-element elementor-element-eb12ce5 elementor-widget elementor-widget-heading\" data-id=\"eb12ce5\" data-element_type=\"widget\" data-widget_type=\"heading.default\">\n\t\t\t\t\t<h2 class=\"elementor-heading-title elementor-size-default\">\nCum decurge tratamentul?<\/h2>\t\t\t\t<\/div>\n\t\t\t\t<div class=\"elementor-element elementor-element-869f4d8 elementor-widget__width-initial elementor-widget-mobile__width-inherit elementor-widget elementor-widget-text-editor\" data-id=\"869f4d8\" data-element_type=\"widget\" data-widget_type=\"text-editor.default\">\n\t\t\t\t\t\t\t\t\t<p>Pentru un tratament eficient de refacere a volumului cu Radiesse\u00ae, este de obicei necesar\u0103 o singur\u0103 \u0219edin\u021b\u0103, care dureaz\u0103, \u00een general, p\u00e2n\u0103 la 30 de minute. Filler-ul este injectat cu un ac foarte fin \u00een rid sau \u00een zona fe\u021bei care \u0219i-a pierdut volumul, conturul sau elasticitatea din cauza procesului de \u00eemb\u0103tr\u00e2nire.<\/p><p>Efectul estetic este vizibil imediat dup\u0103 injectare \u0219i poate dura p\u00e2n\u0103 la 12 luni sau mai mult. Radiesse\u00ae este bine tolerat \u0219i este complet descompus natural de organism.<\/p>\t\t\t\t\t\t\t\t<\/div>\n\t\t\t\t<\/div>\n\t\t\t\t\t<\/div>\n\t\t\t\t<\/section>\n\t\t\t\t<\/div>","protected":false},"excerpt":{"rendered":"<p>Radiesse\u00ae Eine Behandlung mit Radiesse\u00ae kann verlorenes Gesichtsvolumen nachhaltig wiederaufbauen und ausgepr\u00e4gte Falten sichtbar mildern. Der volumengebende Filler sorgt f\u00fcr einen nat\u00fcrlichen Lifting-Effekt und verleiht den Gesichtskonturen neue Definition. Einen Termin vereinbare Was ist Radiesse\u00ae? Radiesse\u00ae ist ein injizierbarer Dermalfiller auf Basis von Calcium&#8211; und Phosphatmineralien, die nat\u00fcrlicherweise im menschlichen K\u00f6rper vorkommen und Bestandteile von Knochen und Z\u00e4hnen sind. In der \u00e4sthetischen Medizin wird dieser transparente, farblose Filler vor allem zum gezielten Volumenaufbau eingesetzt \u2013 insbesondere im Bereich der Wangen, der Jochbeinregion sowie der H\u00e4nde \u2013 und eignet sich zudem zur Behandlung ausgepr\u00e4gter Gesichtsfalten. Neben dem sofort sichtbaren Volumeneffekt \u00fcberzeugt Radiesse\u00ae auch durch seine langanhaltende Wirkung: Die enthaltenen Calcium-Mikrosph\u00e4ren regen die k\u00f6rpereigene Kollagenbildung an und tragen so nachhaltig zu einer verbesserten Hautstruktur und einem frischeren Erscheinungsbild bei. Anwendungsbereiche Jochbein Wangen Nasolabialfalten Mundwinkel Marionettenfalten Kinnquerfalte Kinn-Kiefer-Linie Kinn Hals Dekollet\u00e9 Wie l\u00e4uft die Behandlung ab? F\u00fcr eine effektive Volumenbehandlung mit Radiesse\u00ae ist meist nur eine Sitzung notwendig. Diese dauert in der Regel nicht l\u00e4nger als 30 Minuten. Wir injizieren den Filler mit einer sehr feinen Nadel unter die Falte oder in den Gesichtsbereich, der durch die Alterungsprozesse Volumen, Kontur oder Elastizit\u00e4t verloren hat. Der kosmetische Effekt ist nach der Injektion sofort sichtbar und h\u00e4lt bis zu 12 Monate und l\u00e4nger an. Radiesse\u00ae ist gut vertr\u00e4glich und wird vom K\u00f6rper auf nat\u00fcrliche Weise komplett abgebaut.<\/p>","protected":false},"author":1,"featured_media":773,"parent":0,"menu_order":0,"comment_status":"closed","ping_status":"closed","template":"elementor_header_footer","meta":{"footnotes":""},"class_list":["post-97","page","type-page","status-publish","has-post-thumbnail"],"_links":{"self":[{"href":"https:\/\/www.exzellenzpraxis.de\/ro\/wp-json\/wp\/v2\/pages\/97","targetHints":{"allow":["GET"]}}],"collection":[{"href":"https:\/\/www.exzellenzpraxis.de\/ro\/wp-json\/wp\/v2\/pages"}],"about":[{"href":"https:\/\/www.exzellenzpraxis.de\/ro\/wp-json\/wp\/v2\/types\/page"}],"author":[{"embeddable":true,"href":"https:\/\/www.exzellenzpraxis.de\/ro\/wp-json\/wp\/v2\/users\/1"}],"replies":[{"embeddable":true,"href":"https:\/\/www.exzellenzpraxis.de\/ro\/wp-json\/wp\/v2\/comments?post=97"}],"version-history":[{"count":10,"href":"https:\/\/www.exzellenzpraxis.de\/ro\/wp-json\/wp\/v2\/pages\/97\/revisions"}],"predecessor-version":[{"id":819,"href":"https:\/\/www.exzellenzpraxis.de\/ro\/wp-json\/wp\/v2\/pages\/97\/revisions\/819"}],"wp:featuredmedia":[{"embeddable":true,"href":"https:\/\/www.exzellenzpraxis.de\/ro\/wp-json\/wp\/v2\/media\/773"}],"wp:attachment":[{"href":"https:\/\/www.exzellenzpraxis.de\/ro\/wp-json\/wp\/v2\/media?parent=97"}],"curies":[{"name":"wp","href":"https:\/\/api.w.org\/{rel}","templated":true}]}}